{"id":1529,"date":"2022-05-06T00:14:34","date_gmt":"2022-05-05T22:14:34","guid":{"rendered":"https:\/\/www.quiropracticalivingroom.com\/?page_id=1529"},"modified":"2022-05-06T11:13:27","modified_gmt":"2022-05-06T09:13:27","slug":"la-gran-idea","status":"publish","type":"page","link":"https:\/\/www.quiropracticalivingroom.com\/esp\/la-gran-idea\/","title":{"rendered":"La GRAN Idea"},"content":{"rendered":"<div data-elementor-type=\"wp-page\" data-elementor-id=\"1529\" class=\"elementor elementor-1529\" data-elementor-post-type=\"page\">\n\t\t\t\t\t\t<section class=\"elementor-section elementor-top-section elementor-element elementor-element-fa98a58 elementor-section-boxed elementor-section-height-default elementor-section-height-default\" data-id=\"fa98a58\" data-element_type=\"section\">\n\t\t\t\t\t\t<div class=\"elementor-container elementor-column-gap-default\">\n\t\t\t\t\t<div class=\"elementor-column elementor-col-50 elementor-top-column elementor-element elementor-element-9b06a13\" data-id=\"9b06a13\" data-element_type=\"column\">\n\t\t\t<div class=\"elementor-widget-wrap elementor-element-populated\">\n\t\t\t\t\t\t<div class=\"elementor-element elementor-element-42b6611 elementor-widget elementor-widget-image\" data-id=\"42b6611\" data-element_type=\"widget\" data-widget_type=\"image.default\">\n\t\t\t\t<div class=\"elementor-widget-container\">\n\t\t\t\t\t\t\t\t\t\t\t\t\t<img fetchpriority=\"high\" decoding=\"async\" width=\"473\" height=\"377\" src=\"https:\/\/www.quiropracticalivingroom.com\/wp-content\/uploads\/La-gran-idea.png\" class=\"attachment-large size-large wp-image-1527\" alt=\"\" srcset=\"https:\/\/www.quiropracticalivingroom.com\/wp-content\/uploads\/La-gran-idea.png 473w, https:\/\/www.quiropracticalivingroom.com\/wp-content\/uploads\/La-gran-idea-300x239.png 300w, https:\/\/www.quiropracticalivingroom.com\/wp-content\/uploads\/La-gran-idea-15x12.png 15w\" sizes=\"(max-width: 473px) 100vw, 473px\" \/>\t\t\t\t\t\t\t\t\t\t\t\t\t<\/div>\n\t\t\t\t<\/div>\n\t\t\t\t\t<\/div>\n\t\t<\/div>\n\t\t\t\t<div class=\"elementor-column elementor-col-50 elementor-top-column elementor-element elementor-element-5221926\" data-id=\"5221926\" data-element_type=\"column\">\n\t\t\t<div class=\"elementor-widget-wrap elementor-element-populated\">\n\t\t\t\t\t\t<div class=\"elementor-element elementor-element-4f8859d elementor-widget elementor-widget-heading\" data-id=\"4f8859d\" data-element_type=\"widget\" data-widget_type=\"heading.default\">\n\t\t\t\t<div class=\"elementor-widget-container\">\n\t\t\t<h2 class=\"elementor-heading-title elementor-size-default\">Taller de Salud: La GRAN Idea <\/h2>\t\t<\/div>\n\t\t\t\t<\/div>\n\t\t\t\t<div class=\"elementor-element elementor-element-b4c35d6 elementor-widget-divider--view-line elementor-widget elementor-widget-divider\" data-id=\"b4c35d6\" data-element_type=\"widget\" data-widget_type=\"divider.default\">\n\t\t\t\t<div class=\"elementor-widget-container\">\n\t\t\t\t\t<div class=\"elementor-divider\">\n\t\t\t<span class=\"elementor-divider-separator\">\n\t\t\t\t\t\t<\/span>\n\t\t<\/div>\n\t\t\t\t<\/div>\n\t\t\t\t<\/div>\n\t\t\t\t<div class=\"elementor-element elementor-element-1983fe4 elementor-widget elementor-widget-text-editor\" data-id=\"1983fe4\" data-element_type=\"widget\" data-widget_type=\"text-editor.default\">\n\t\t\t\t<div class=\"elementor-widget-container\">\n\t\t\t\t\t\t\t<p>Reserva tu plaza en nuestro taller presencial y gratuito La GRAN Idea y <strong>escr\u00edbenos en comentarios si vendr\u00e1s en compa\u00f1\u00eda de familiares o amigos<\/strong>. \u00a1Os esperamos!<\/p>\t\t\t\t\t\t<\/div>\n\t\t\t\t<\/div>\n\t\t\t\t\t<\/div>\n\t\t<\/div>\n\t\t\t\t\t<\/div>\n\t\t<\/section>\n\t\t\t\t<section class=\"elementor-section elementor-top-section elementor-element elementor-element-63f5ff1 elementor-section-boxed elementor-section-height-default elementor-section-height-default\" data-id=\"63f5ff1\" data-element_type=\"section\">\n\t\t\t\t\t\t<div class=\"elementor-container elementor-column-gap-default\">\n\t\t\t\t\t<div class=\"elementor-column elementor-col-100 elementor-top-column elementor-element elementor-element-0b96ef8\" data-id=\"0b96ef8\" data-element_type=\"column\">\n\t\t\t<div class=\"elementor-widget-wrap elementor-element-populated\">\n\t\t\t\t\t\t<div class=\"elementor-element elementor-element-cd1f274 elementor-widget elementor-widget-html\" data-id=\"cd1f274\" data-element_type=\"widget\" data-widget_type=\"html.default\">\n\t\t\t\t<div class=\"elementor-widget-container\">\n\t\t\t<iframe src<iframe src=\"https:\/\/quiropracticalivingroom.neptune.practicehub.io\/p\/booking?lid=1&pid=1&atid=6&locale=es&embedded=true\" width=\"100%\" height=\"850\">\r\n<p>Your browser does not support iframes.<\/p>\r\n<\/iframe>\t\t<\/div>\n\t\t\t\t<\/div>\n\t\t\t\t\t<\/div>\n\t\t<\/div>\n\t\t\t\t\t<\/div>\n\t\t<\/section>\n\t\t\t\t<\/div>","protected":false},"excerpt":{"rendered":"<p>Taller de Salut: La GRAN Idea Reserva la teva pla\u00e7a al nostre taller presencial i gratu\u00eft La GRAN Idea i escriu-nos a comentaris si vindr\u00e0s en companyia d&#8217;algun familiar o amistat. Us hi esperem! Your browser does not support iframes.&nbsp; &nbsp;<\/p>","protected":false},"author":1,"featured_media":0,"parent":0,"menu_order":0,"comment_status":"closed","ping_status":"closed","template":"","meta":{"inline_featured_image":false,"footnotes":""},"class_list":["post-1529","page","type-page","status-publish","hentry"],"yoast_head":"<!-- This site is optimized with the Yoast SEO plugin v21.2 - https:\/\/yoast.com\/wordpress\/plugins\/seo\/ -->\n<title>La GRAN Idea | Quiropractica Living Room - Sabadell<\/title>\n<meta name=\"description\" content=\"Ap\u00fantate a nuestro taller presencial y gratuito La GRAN Idea, donde podr\u00e1s conocer la Quiropr\u00e1ctica como nunca antes. Descubre tu nueva vida.\" \/>\n<meta name=\"robots\" content=\"index, follow, max-snippet:-1, max-image-preview:large, max-video-preview:-1\" \/>\n<link rel=\"canonical\" href=\"https:\/\/www.quiropracticalivingroom.com\/esp\/la-gran-idea\/\" \/>\n<meta property=\"og:locale\" content=\"es_ES\" \/>\n<meta property=\"og:type\" content=\"article\" \/>\n<meta property=\"og:title\" content=\"La GRAN Idea | Quiropractica Living Room - Sabadell\" \/>\n<meta property=\"og:description\" content=\"Ap\u00fantate a nuestro taller presencial y gratuito La GRAN Idea, donde podr\u00e1s conocer la Quiropr\u00e1ctica como nunca antes. Descubre tu nueva vida.\" \/>\n<meta property=\"og:url\" content=\"https:\/\/www.quiropracticalivingroom.com\/esp\/la-gran-idea\/\" \/>\n<meta property=\"og:site_name\" content=\"Quiropractica Living Room - Sabadell\" \/>\n<meta property=\"article:modified_time\" content=\"2022-05-06T09:13:27+00:00\" \/>\n<meta property=\"og:image\" content=\"https:\/\/www.quiropracticalivingroom.com\/wp-content\/uploads\/La-gran-idea.png\" \/>\n<meta name=\"twitter:card\" content=\"summary_large_image\" \/>\n<meta name=\"twitter:label1\" content=\"Tiempo de lectura\" \/>\n\t<meta name=\"twitter:data1\" content=\"1 minuto\" \/>\n<script type=\"application\/ld+json\" class=\"yoast-schema-graph\">{\"@context\":\"https:\/\/schema.org\",\"@graph\":[{\"@type\":\"WebPage\",\"@id\":\"https:\/\/www.quiropracticalivingroom.com\/esp\/la-gran-idea\/\",\"url\":\"https:\/\/www.quiropracticalivingroom.com\/esp\/la-gran-idea\/\",\"name\":\"La GRAN Idea | Quiropractica Living Room - Sabadell\",\"isPartOf\":{\"@id\":\"https:\/\/www.quiropracticalivingroom.com\/#website\"},\"datePublished\":\"2022-05-05T22:14:34+00:00\",\"dateModified\":\"2022-05-06T09:13:27+00:00\",\"description\":\"Ap\u00fantate a nuestro taller presencial y gratuito La GRAN Idea, donde podr\u00e1s conocer la Quiropr\u00e1ctica como nunca antes. Descubre tu nueva vida.\",\"breadcrumb\":{\"@id\":\"https:\/\/www.quiropracticalivingroom.com\/esp\/la-gran-idea\/#breadcrumb\"},\"inLanguage\":\"es\",\"potentialAction\":[{\"@type\":\"ReadAction\",\"target\":[\"https:\/\/www.quiropracticalivingroom.com\/esp\/la-gran-idea\/\"]}]},{\"@type\":\"BreadcrumbList\",\"@id\":\"https:\/\/www.quiropracticalivingroom.com\/esp\/la-gran-idea\/#breadcrumb\",\"itemListElement\":[{\"@type\":\"ListItem\",\"position\":1,\"name\":\"Portada\",\"item\":\"https:\/\/www.quiropracticalivingroom.com\/\"},{\"@type\":\"ListItem\",\"position\":2,\"name\":\"La GRAN Idea\"}]},{\"@type\":\"WebSite\",\"@id\":\"https:\/\/www.quiropracticalivingroom.com\/#website\",\"url\":\"https:\/\/www.quiropracticalivingroom.com\/\",\"name\":\"Quiropractica Living Room - Sabadell\",\"description\":\"Sitio web de Quiropractica Living Room\",\"publisher\":{\"@id\":\"https:\/\/www.quiropracticalivingroom.com\/#organization\"},\"potentialAction\":[{\"@type\":\"SearchAction\",\"target\":{\"@type\":\"EntryPoint\",\"urlTemplate\":\"https:\/\/www.quiropracticalivingroom.com\/?s={search_term_string}\"},\"query-input\":\"required name=search_term_string\"}],\"inLanguage\":\"es\"},{\"@type\":\"Organization\",\"@id\":\"https:\/\/www.quiropracticalivingroom.com\/#organization\",\"name\":\"Quiropractica Living Room\",\"url\":\"https:\/\/www.quiropracticalivingroom.com\/\",\"logo\":{\"@type\":\"ImageObject\",\"inLanguage\":\"es\",\"@id\":\"https:\/\/www.quiropracticalivingroom.com\/#\/schema\/logo\/image\/\",\"url\":\"https:\/\/www.quiropracticalivingroom.com\/wp-content\/uploads\/logo.png\",\"contentUrl\":\"https:\/\/www.quiropracticalivingroom.com\/wp-content\/uploads\/logo.png\",\"width\":1000,\"height\":400,\"caption\":\"Quiropractica Living Room\"},\"image\":{\"@id\":\"https:\/\/www.quiropracticalivingroom.com\/#\/schema\/logo\/image\/\"}}]}<\/script>\n<!-- \/ Yoast SEO plugin. -->","yoast_head_json":{"title":"La GRAN Idea | Quiropractica Living Room - Sabadell","description":"Ap\u00fantate a nuestro taller presencial y gratuito La GRAN Idea, donde podr\u00e1s conocer la Quiropr\u00e1ctica como nunca antes. Descubre tu nueva vida.","robots":{"index":"index","follow":"follow","max-snippet":"max-snippet:-1","max-image-preview":"max-image-preview:large","max-video-preview":"max-video-preview:-1"},"canonical":"https:\/\/www.quiropracticalivingroom.com\/esp\/la-gran-idea\/","og_locale":"es_ES","og_type":"article","og_title":"La GRAN Idea | Quiropractica Living Room - Sabadell","og_description":"Ap\u00fantate a nuestro taller presencial y gratuito La GRAN Idea, donde podr\u00e1s conocer la Quiropr\u00e1ctica como nunca antes. Descubre tu nueva vida.","og_url":"https:\/\/www.quiropracticalivingroom.com\/esp\/la-gran-idea\/","og_site_name":"Quiropractica Living Room - Sabadell","article_modified_time":"2022-05-06T09:13:27+00:00","og_image":[{"url":"https:\/\/www.quiropracticalivingroom.com\/wp-content\/uploads\/La-gran-idea.png"}],"twitter_card":"summary_large_image","twitter_misc":{"Tiempo de lectura":"1 minuto"},"schema":{"@context":"https:\/\/schema.org","@graph":[{"@type":"WebPage","@id":"https:\/\/www.quiropracticalivingroom.com\/esp\/la-gran-idea\/","url":"https:\/\/www.quiropracticalivingroom.com\/esp\/la-gran-idea\/","name":"La GRAN Idea | Quiropractica Living Room - Sabadell","isPartOf":{"@id":"https:\/\/www.quiropracticalivingroom.com\/#website"},"datePublished":"2022-05-05T22:14:34+00:00","dateModified":"2022-05-06T09:13:27+00:00","description":"Ap\u00fantate a nuestro taller presencial y gratuito La GRAN Idea, donde podr\u00e1s conocer la Quiropr\u00e1ctica como nunca antes. Descubre tu nueva vida.","breadcrumb":{"@id":"https:\/\/www.quiropracticalivingroom.com\/esp\/la-gran-idea\/#breadcrumb"},"inLanguage":"es","potentialAction":[{"@type":"ReadAction","target":["https:\/\/www.quiropracticalivingroom.com\/esp\/la-gran-idea\/"]}]},{"@type":"BreadcrumbList","@id":"https:\/\/www.quiropracticalivingroom.com\/esp\/la-gran-idea\/#breadcrumb","itemListElement":[{"@type":"ListItem","position":1,"name":"Portada","item":"https:\/\/www.quiropracticalivingroom.com\/"},{"@type":"ListItem","position":2,"name":"La GRAN Idea"}]},{"@type":"WebSite","@id":"https:\/\/www.quiropracticalivingroom.com\/#website","url":"https:\/\/www.quiropracticalivingroom.com\/","name":"Quiropractica Living Room - Sabadell","description":"Sitio web de Quiropractica Living Room","publisher":{"@id":"https:\/\/www.quiropracticalivingroom.com\/#organization"},"potentialAction":[{"@type":"SearchAction","target":{"@type":"EntryPoint","urlTemplate":"https:\/\/www.quiropracticalivingroom.com\/?s={search_term_string}"},"query-input":"required name=search_term_string"}],"inLanguage":"es"},{"@type":"Organization","@id":"https:\/\/www.quiropracticalivingroom.com\/#organization","name":"Quiropractica Living Room","url":"https:\/\/www.quiropracticalivingroom.com\/","logo":{"@type":"ImageObject","inLanguage":"es","@id":"https:\/\/www.quiropracticalivingroom.com\/#\/schema\/logo\/image\/","url":"https:\/\/www.quiropracticalivingroom.com\/wp-content\/uploads\/logo.png","contentUrl":"https:\/\/www.quiropracticalivingroom.com\/wp-content\/uploads\/logo.png","width":1000,"height":400,"caption":"Quiropractica Living Room"},"image":{"@id":"https:\/\/www.quiropracticalivingroom.com\/#\/schema\/logo\/image\/"}}]}},"_links":{"self":[{"href":"https:\/\/www.quiropracticalivingroom.com\/esp\/wp-json\/wp\/v2\/pages\/1529","targetHints":{"allow":["GET"]}}],"collection":[{"href":"https:\/\/www.quiropracticalivingroom.com\/esp\/wp-json\/wp\/v2\/pages"}],"about":[{"href":"https:\/\/www.quiropracticalivingroom.com\/esp\/wp-json\/wp\/v2\/types\/page"}],"author":[{"embeddable":true,"href":"https:\/\/www.quiropracticalivingroom.com\/esp\/wp-json\/wp\/v2\/users\/1"}],"replies":[{"embeddable":true,"href":"https:\/\/www.quiropracticalivingroom.com\/esp\/wp-json\/wp\/v2\/comments?post=1529"}],"version-history":[{"count":13,"href":"https:\/\/www.quiropracticalivingroom.com\/esp\/wp-json\/wp\/v2\/pages\/1529\/revisions"}],"predecessor-version":[{"id":1579,"href":"https:\/\/www.quiropracticalivingroom.com\/esp\/wp-json\/wp\/v2\/pages\/1529\/revisions\/1579"}],"wp:attachment":[{"href":"https:\/\/www.quiropracticalivingroom.com\/esp\/wp-json\/wp\/v2\/media?parent=1529"}],"curies":[{"name":"wp","href":"https:\/\/api.w.org\/{rel}","templated":true}]}}