{"id":1115,"date":"2021-09-03T18:30:29","date_gmt":"2021-09-03T16:30:29","guid":{"rendered":"https:\/\/www.quiropracticalivingroom.com\/?page_id=1115"},"modified":"2021-09-03T18:37:43","modified_gmt":"2021-09-03T16:37:43","slug":"nota-legal-quiropractica","status":"publish","type":"page","link":"https:\/\/www.quiropracticalivingroom.com\/esp\/nota-legal-quiropractica\/","title":{"rendered":"Nota legal Quiropr\u00e1ctica"},"content":{"rendered":"<div data-elementor-type=\"wp-page\" data-elementor-id=\"1115\" class=\"elementor elementor-1115\" data-elementor-post-type=\"page\">\n\t\t\t\t\t\t<section class=\"elementor-section elementor-top-section elementor-element elementor-element-913982c elementor-section-boxed elementor-section-height-default elementor-section-height-default\" data-id=\"913982c\" data-element_type=\"section\">\n\t\t\t\t\t\t<div class=\"elementor-container elementor-column-gap-default\">\n\t\t\t\t\t<div class=\"elementor-column elementor-col-100 elementor-top-column elementor-element elementor-element-108c052\" data-id=\"108c052\" data-element_type=\"column\">\n\t\t\t<div class=\"elementor-widget-wrap elementor-element-populated\">\n\t\t\t\t\t\t<div class=\"elementor-element elementor-element-6d4c87d elementor-widget elementor-widget-heading\" data-id=\"6d4c87d\" data-element_type=\"widget\" data-widget_type=\"heading.default\">\n\t\t\t\t<div class=\"elementor-widget-container\">\n\t\t\t<h1 class=\"elementor-heading-title elementor-size-default\">Nota legal Quiropr\u00e1ctica<\/h1>\t\t<\/div>\n\t\t\t\t<\/div>\n\t\t\t\t<div class=\"elementor-element elementor-element-c4146d7 elementor-widget-divider--view-line elementor-widget elementor-widget-divider\" data-id=\"c4146d7\" data-element_type=\"widget\" data-widget_type=\"divider.default\">\n\t\t\t\t<div class=\"elementor-widget-container\">\n\t\t\t\t\t<div class=\"elementor-divider\">\n\t\t\t<span class=\"elementor-divider-separator\">\n\t\t\t\t\t\t<\/span>\n\t\t<\/div>\n\t\t\t\t<\/div>\n\t\t\t\t<\/div>\n\t\t\t\t<div class=\"elementor-element elementor-element-4a1f6fc elementor-widget elementor-widget-text-editor\" data-id=\"4a1f6fc\" data-element_type=\"widget\" data-widget_type=\"text-editor.default\">\n\t\t\t\t<div class=\"elementor-widget-container\">\n\t\t\t\t\t\t\t<p><span style=\"font-weight: 400;\">La Quiropr\u00e1ctica es una profesi\u00f3n sanitaria reconocida por la OMS, y est\u00e1 tambi\u00e9n reconocida como tal en la mayor\u00eda de pa\u00edses Europeos, como Portugal, Francia, Italia, Suiza, B\u00e9lgica, Dinamarca, Suecia, Noruega, o Reino Unido, as\u00ed como Estados Unidos, Canad\u00e1, Australia o Nueva Zelanda.<\/span><\/p><p><span style=\"font-weight: 400;\">La formaci\u00f3n de un Quiropr\u00e1ctico de la Asociaci\u00f3n Espa\u00f1ola de Quiropr\u00e1ctica (AEQ) es universitaria, con una duraci\u00f3n m\u00ednima de 5 a\u00f1os a tiempo completo (+300 cr\u00e9ditos ECTS), el equivalente a m\u00e1s de 7.500 horas lectivas y de formaci\u00f3n exclusivas de Quiropr\u00e1ctica, con especialidades como Neurolog\u00eda, Prenatal, Pediatr\u00eda, Deportiva, Geriatr\u00eda o Radiolog\u00eda, entre otras. Solamente los Quiropr\u00e1cticos que posean el t\u00edtulo podr\u00e1n ejercer la Quiropr\u00e1ctica. Por esta raz\u00f3n, aseg\u00farate que tu Quiropr\u00e1ctico\/a forma parte de la Asociaci\u00f3n Espa\u00f1ola de Quiropr\u00e1ctica (AEQ).<\/span><\/p><p><span style=\"font-weight: 400;\">La AEQ ha elaborado un dossier cient\u00edfico que recoge las publicaciones del m\u00e1s alto nivel de calidad de evidencia cient\u00edfica publicadas en revistas de alto impacto donde se demuestra la eficacia y la inocuidad de la Quiropr\u00e1ctica en los trastornos de Columna Vertebral y su relaci\u00f3n con el Sistema Nervioso. Los servicios proporcionados por Quiropr\u00e1cticos son efectivos, con alt\u00edsimos niveles de satisfacci\u00f3n en los pacientes. Y la Salud de la Columna Vertebral es clave para el bienestar y la calidad de vida de las personas.<\/span><\/p>\t\t\t\t\t\t<\/div>\n\t\t\t\t<\/div>\n\t\t\t\t\t<\/div>\n\t\t<\/div>\n\t\t\t\t\t<\/div>\n\t\t<\/section>\n\t\t\t\t<section class=\"elementor-section elementor-top-section elementor-element elementor-element-a14e405 elementor-section-boxed elementor-section-height-default elementor-section-height-default\" data-id=\"a14e405\" data-element_type=\"section\">\n\t\t\t\t\t\t<div class=\"elementor-container elementor-column-gap-default\">\n\t\t\t\t\t<div class=\"elementor-column elementor-col-50 elementor-top-column elementor-element elementor-element-fb21002\" data-id=\"fb21002\" data-element_type=\"column\">\n\t\t\t<div class=\"elementor-widget-wrap elementor-element-populated\">\n\t\t\t\t\t\t<div class=\"elementor-element elementor-element-aa5db16 elementor-widget elementor-widget-image\" data-id=\"aa5db16\" data-element_type=\"widget\" data-widget_type=\"image.default\">\n\t\t\t\t<div class=\"elementor-widget-container\">\n\t\t\t\t\t\t\t\t\t\t\t\t\t\t<a href=\"https:\/\/quiropractica-aeq.com\/buscador-registro-socios\/\" target=\"_blank\">\n\t\t\t\t\t\t\t<img fetchpriority=\"high\" decoding=\"async\" width=\"768\" height=\"497\" src=\"https:\/\/www.quiropracticalivingroom.com\/wp-content\/uploads\/3-AEQ-logo-768x497.jpg\" class=\"attachment-medium_large size-medium_large wp-image-1078\" alt=\"\" srcset=\"https:\/\/www.quiropracticalivingroom.com\/wp-content\/uploads\/3-AEQ-logo-768x497.jpg 768w, https:\/\/www.quiropracticalivingroom.com\/wp-content\/uploads\/3-AEQ-logo-300x194.jpg 300w, https:\/\/www.quiropracticalivingroom.com\/wp-content\/uploads\/3-AEQ-logo-18x12.jpg 18w, https:\/\/www.quiropracticalivingroom.com\/wp-content\/uploads\/3-AEQ-logo.jpg 800w\" sizes=\"(max-width: 768px) 100vw, 768px\" \/>\t\t\t\t\t\t\t\t<\/a>\n\t\t\t\t\t\t\t\t\t\t\t\t\t<\/div>\n\t\t\t\t<\/div>\n\t\t\t\t\t<\/div>\n\t\t<\/div>\n\t\t\t\t<div class=\"elementor-column elementor-col-50 elementor-top-column elementor-element elementor-element-e32a8f7\" data-id=\"e32a8f7\" data-element_type=\"column\">\n\t\t\t<div class=\"elementor-widget-wrap elementor-element-populated\">\n\t\t\t\t\t\t<div class=\"elementor-element elementor-element-2d7c4c2 elementor-align-center elementor-widget elementor-widget-button\" data-id=\"2d7c4c2\" data-element_type=\"widget\" data-widget_type=\"button.default\">\n\t\t\t\t<div class=\"elementor-widget-container\">\n\t\t\t\t\t<div class=\"elementor-button-wrapper\">\n\t\t\t<a class=\"elementor-button elementor-button-link elementor-size-md\" href=\"https:\/\/www.quiropracticalivingroom.com\/wp-content\/uploads\/dossier-noviembre-2019.pdf\" target=\"_blank\">\n\t\t\t\t\t\t<span class=\"elementor-button-content-wrapper\">\n\t\t\t\t\t\t\t\t\t<span class=\"elementor-button-text\">Consulta el dosier de evidencia cient\u00edfica<\/span>\n\t\t\t\t\t<\/span>\n\t\t\t\t\t<\/a>\n\t\t<\/div>\n\t\t\t\t<\/div>\n\t\t\t\t<\/div>\n\t\t\t\t\t<\/div>\n\t\t<\/div>\n\t\t\t\t\t<\/div>\n\t\t<\/section>\n\t\t\t\t<\/div>","protected":false},"excerpt":{"rendered":"<p>Nota legal Quiropr\u00e0ctica La Quiropr\u00e0ctica \u00e9s una professi\u00f3 sanit\u00e0ria reconeguda per l\u2019OMS, i est\u00e0 tamb\u00e9 reconeguda com a tal en la majoria de pa\u00efsos Europeus, com Portugal, Fran\u00e7a, It\u00e0lia,\u00a0 Su\u00efssa, B\u00e8lgica, Dinamarca, Su\u00e8cia, Noruega, o Regne Unit, aix\u00ed com els Estats Units, Canad\u00e0, Austr\u00e0lia o Nova Zelanda. La formaci\u00f3 d&#8217;un Quiropr\u00e0ctic de l\u2019Associaci\u00f3 Espanyola de [&hellip;]<\/p>","protected":false},"author":1,"featured_media":0,"parent":0,"menu_order":0,"comment_status":"closed","ping_status":"closed","template":"","meta":{"inline_featured_image":false,"footnotes":""},"class_list":["post-1115","page","type-page","status-publish","hentry"],"yoast_head":"<!-- This site is optimized with the Yoast SEO plugin v21.2 - https:\/\/yoast.com\/wordpress\/plugins\/seo\/ -->\n<title>Nota legal Quiropr\u00e0ctica | Quiropractica Living Room - Sabadell<\/title>\n<meta name=\"robots\" content=\"noindex, nofollow\" \/>\n<meta property=\"og:locale\" content=\"es_ES\" \/>\n<meta property=\"og:type\" content=\"article\" \/>\n<meta property=\"og:title\" content=\"Nota legal Quiropr\u00e0ctica | Quiropractica Living Room - Sabadell\" \/>\n<meta property=\"og:description\" content=\"Nota legal Quiropr\u00e0ctica La Quiropr\u00e0ctica \u00e9s una professi\u00f3 sanit\u00e0ria reconeguda per l\u2019OMS, i est\u00e0 tamb\u00e9 reconeguda com a tal en la majoria de pa\u00efsos Europeus, com Portugal, Fran\u00e7a, It\u00e0lia,\u00a0 Su\u00efssa, B\u00e8lgica, Dinamarca, Su\u00e8cia, Noruega, o Regne Unit, aix\u00ed com els Estats Units, Canad\u00e0, Austr\u00e0lia o Nova Zelanda. La formaci\u00f3 d&#8217;un Quiropr\u00e0ctic de l\u2019Associaci\u00f3 Espanyola de [&hellip;]\" \/>\n<meta property=\"og:url\" content=\"https:\/\/www.quiropracticalivingroom.com\/esp\/nota-legal-quiropractica\/\" \/>\n<meta property=\"og:site_name\" content=\"Quiropractica Living Room - Sabadell\" \/>\n<meta property=\"article:modified_time\" content=\"2021-09-03T16:37:43+00:00\" \/>\n<meta property=\"og:image\" content=\"https:\/\/www.quiropracticalivingroom.com\/wp-content\/uploads\/3-AEQ-logo-768x497.jpg\" \/>\n<meta name=\"twitter:card\" content=\"summary_large_image\" \/>\n<meta name=\"twitter:label1\" content=\"Tiempo de lectura\" \/>\n\t<meta name=\"twitter:data1\" content=\"2 minutos\" \/>\n<script type=\"application\/ld+json\" class=\"yoast-schema-graph\">{\"@context\":\"https:\/\/schema.org\",\"@graph\":[{\"@type\":\"WebPage\",\"@id\":\"https:\/\/www.quiropracticalivingroom.com\/esp\/nota-legal-quiropractica\/\",\"url\":\"https:\/\/www.quiropracticalivingroom.com\/esp\/nota-legal-quiropractica\/\",\"name\":\"Nota legal Quiropr\u00e0ctica | Quiropractica Living Room - Sabadell\",\"isPartOf\":{\"@id\":\"https:\/\/www.quiropracticalivingroom.com\/#website\"},\"datePublished\":\"2021-09-03T16:30:29+00:00\",\"dateModified\":\"2021-09-03T16:37:43+00:00\",\"breadcrumb\":{\"@id\":\"https:\/\/www.quiropracticalivingroom.com\/esp\/nota-legal-quiropractica\/#breadcrumb\"},\"inLanguage\":\"es\",\"potentialAction\":[{\"@type\":\"ReadAction\",\"target\":[\"https:\/\/www.quiropracticalivingroom.com\/esp\/nota-legal-quiropractica\/\"]}]},{\"@type\":\"BreadcrumbList\",\"@id\":\"https:\/\/www.quiropracticalivingroom.com\/esp\/nota-legal-quiropractica\/#breadcrumb\",\"itemListElement\":[{\"@type\":\"ListItem\",\"position\":1,\"name\":\"Portada\",\"item\":\"https:\/\/www.quiropracticalivingroom.com\/\"},{\"@type\":\"ListItem\",\"position\":2,\"name\":\"Nota legal Quiropr\u00e0ctica\"}]},{\"@type\":\"WebSite\",\"@id\":\"https:\/\/www.quiropracticalivingroom.com\/#website\",\"url\":\"https:\/\/www.quiropracticalivingroom.com\/\",\"name\":\"Quiropractica Living Room - Sabadell\",\"description\":\"Sitio web de Quiropractica Living Room\",\"publisher\":{\"@id\":\"https:\/\/www.quiropracticalivingroom.com\/#organization\"},\"potentialAction\":[{\"@type\":\"SearchAction\",\"target\":{\"@type\":\"EntryPoint\",\"urlTemplate\":\"https:\/\/www.quiropracticalivingroom.com\/?s={search_term_string}\"},\"query-input\":\"required name=search_term_string\"}],\"inLanguage\":\"es\"},{\"@type\":\"Organization\",\"@id\":\"https:\/\/www.quiropracticalivingroom.com\/#organization\",\"name\":\"Quiropractica Living Room\",\"url\":\"https:\/\/www.quiropracticalivingroom.com\/\",\"logo\":{\"@type\":\"ImageObject\",\"inLanguage\":\"es\",\"@id\":\"https:\/\/www.quiropracticalivingroom.com\/#\/schema\/logo\/image\/\",\"url\":\"https:\/\/www.quiropracticalivingroom.com\/wp-content\/uploads\/logo.png\",\"contentUrl\":\"https:\/\/www.quiropracticalivingroom.com\/wp-content\/uploads\/logo.png\",\"width\":1000,\"height\":400,\"caption\":\"Quiropractica Living Room\"},\"image\":{\"@id\":\"https:\/\/www.quiropracticalivingroom.com\/#\/schema\/logo\/image\/\"}}]}<\/script>\n<!-- \/ Yoast SEO plugin. -->","yoast_head_json":{"title":"Nota legal Quiropr\u00e0ctica | Quiropractica Living Room - Sabadell","robots":{"index":"noindex","follow":"nofollow"},"og_locale":"es_ES","og_type":"article","og_title":"Nota legal Quiropr\u00e0ctica | Quiropractica Living Room - Sabadell","og_description":"Nota legal Quiropr\u00e0ctica La Quiropr\u00e0ctica \u00e9s una professi\u00f3 sanit\u00e0ria reconeguda per l\u2019OMS, i est\u00e0 tamb\u00e9 reconeguda com a tal en la majoria de pa\u00efsos Europeus, com Portugal, Fran\u00e7a, It\u00e0lia,\u00a0 Su\u00efssa, B\u00e8lgica, Dinamarca, Su\u00e8cia, Noruega, o Regne Unit, aix\u00ed com els Estats Units, Canad\u00e0, Austr\u00e0lia o Nova Zelanda. La formaci\u00f3 d&#8217;un Quiropr\u00e0ctic de l\u2019Associaci\u00f3 Espanyola de [&hellip;]","og_url":"https:\/\/www.quiropracticalivingroom.com\/esp\/nota-legal-quiropractica\/","og_site_name":"Quiropractica Living Room - Sabadell","article_modified_time":"2021-09-03T16:37:43+00:00","og_image":[{"url":"https:\/\/www.quiropracticalivingroom.com\/wp-content\/uploads\/3-AEQ-logo-768x497.jpg"}],"twitter_card":"summary_large_image","twitter_misc":{"Tiempo de lectura":"2 minutos"},"schema":{"@context":"https:\/\/schema.org","@graph":[{"@type":"WebPage","@id":"https:\/\/www.quiropracticalivingroom.com\/esp\/nota-legal-quiropractica\/","url":"https:\/\/www.quiropracticalivingroom.com\/esp\/nota-legal-quiropractica\/","name":"Nota legal Quiropr\u00e0ctica | Quiropractica Living Room - Sabadell","isPartOf":{"@id":"https:\/\/www.quiropracticalivingroom.com\/#website"},"datePublished":"2021-09-03T16:30:29+00:00","dateModified":"2021-09-03T16:37:43+00:00","breadcrumb":{"@id":"https:\/\/www.quiropracticalivingroom.com\/esp\/nota-legal-quiropractica\/#breadcrumb"},"inLanguage":"es","potentialAction":[{"@type":"ReadAction","target":["https:\/\/www.quiropracticalivingroom.com\/esp\/nota-legal-quiropractica\/"]}]},{"@type":"BreadcrumbList","@id":"https:\/\/www.quiropracticalivingroom.com\/esp\/nota-legal-quiropractica\/#breadcrumb","itemListElement":[{"@type":"ListItem","position":1,"name":"Portada","item":"https:\/\/www.quiropracticalivingroom.com\/"},{"@type":"ListItem","position":2,"name":"Nota legal Quiropr\u00e0ctica"}]},{"@type":"WebSite","@id":"https:\/\/www.quiropracticalivingroom.com\/#website","url":"https:\/\/www.quiropracticalivingroom.com\/","name":"Quiropractica Living Room - Sabadell","description":"Sitio web de Quiropractica Living Room","publisher":{"@id":"https:\/\/www.quiropracticalivingroom.com\/#organization"},"potentialAction":[{"@type":"SearchAction","target":{"@type":"EntryPoint","urlTemplate":"https:\/\/www.quiropracticalivingroom.com\/?s={search_term_string}"},"query-input":"required name=search_term_string"}],"inLanguage":"es"},{"@type":"Organization","@id":"https:\/\/www.quiropracticalivingroom.com\/#organization","name":"Quiropractica Living Room","url":"https:\/\/www.quiropracticalivingroom.com\/","logo":{"@type":"ImageObject","inLanguage":"es","@id":"https:\/\/www.quiropracticalivingroom.com\/#\/schema\/logo\/image\/","url":"https:\/\/www.quiropracticalivingroom.com\/wp-content\/uploads\/logo.png","contentUrl":"https:\/\/www.quiropracticalivingroom.com\/wp-content\/uploads\/logo.png","width":1000,"height":400,"caption":"Quiropractica Living Room"},"image":{"@id":"https:\/\/www.quiropracticalivingroom.com\/#\/schema\/logo\/image\/"}}]}},"_links":{"self":[{"href":"https:\/\/www.quiropracticalivingroom.com\/esp\/wp-json\/wp\/v2\/pages\/1115","targetHints":{"allow":["GET"]}}],"collection":[{"href":"https:\/\/www.quiropracticalivingroom.com\/esp\/wp-json\/wp\/v2\/pages"}],"about":[{"href":"https:\/\/www.quiropracticalivingroom.com\/esp\/wp-json\/wp\/v2\/types\/page"}],"author":[{"embeddable":true,"href":"https:\/\/www.quiropracticalivingroom.com\/esp\/wp-json\/wp\/v2\/users\/1"}],"replies":[{"embeddable":true,"href":"https:\/\/www.quiropracticalivingroom.com\/esp\/wp-json\/wp\/v2\/comments?post=1115"}],"version-history":[{"count":5,"href":"https:\/\/www.quiropracticalivingroom.com\/esp\/wp-json\/wp\/v2\/pages\/1115\/revisions"}],"predecessor-version":[{"id":1122,"href":"https:\/\/www.quiropracticalivingroom.com\/esp\/wp-json\/wp\/v2\/pages\/1115\/revisions\/1122"}],"wp:attachment":[{"href":"https:\/\/www.quiropracticalivingroom.com\/esp\/wp-json\/wp\/v2\/media?parent=1115"}],"curies":[{"name":"wp","href":"https:\/\/api.w.org\/{rel}","templated":true}]}}